{"id":96,"date":"2021-08-31T18:28:04","date_gmt":"2021-08-31T16:28:04","guid":{"rendered":"https:\/\/jameswozniak.pl\/?page_id=96"},"modified":"2022-02-17T13:45:45","modified_gmt":"2022-02-17T12:45:45","slug":"samorzad-doktorancki","status":"publish","type":"page","link":"https:\/\/jameswozniak.pl\/index.php\/o-mnie\/funkcje\/samorzad-doktorancki\/","title":{"rendered":"Samorz\u0105d Doktorant\u00f3w"},"content":{"rendered":"\n<div class=\"wp-block-image is-style-default\"><figure class=\"aligncenter size-medium\"><img decoding=\"async\" width=\"300\" height=\"130\" src=\"https:\/\/jameswozniak.pl\/wp-content\/uploads\/2021\/10\/Samorzad-Doktorantow-POZIOM-300x130.png\" alt=\"\" class=\"wp-image-488\" srcset=\"https:\/\/jameswozniak.pl\/wp-content\/uploads\/2021\/10\/Samorzad-Doktorantow-POZIOM-300x130.png 300w, https:\/\/jameswozniak.pl\/wp-content\/uploads\/2021\/10\/Samorzad-Doktorantow-POZIOM-690x300.png 690w, https:\/\/jameswozniak.pl\/wp-content\/uploads\/2021\/10\/Samorzad-Doktorantow-POZIOM.png 697w\" sizes=\"(max-width: 300px) 100vw, 300px\" \/><\/figure><\/div>\n\n\n\n<hr class=\"wp-block-separator is-style-wide\"\/>\n\n\n\n<pre class=\"wp-block-preformatted\"><strong>2018-2019<\/strong>: Przewodnicz\u0105cy Komisji Rewizyjnej Samorz\u0105du Doktorant\u00f3w UMK.<\/pre>\n\n\n\n<hr class=\"wp-block-separator is-style-wide\"\/>\n\n\n\n<pre class=\"wp-block-preformatted\">2018\u20132019: Cz\u0142onek Komisji ds. Organizacji i Rozwoju UMK.<\/pre>\n\n\n\n<hr class=\"wp-block-separator is-style-wide\"\/>\n\n\n\n<pre class=\"wp-block-preformatted\">2018\u20132019: Cz\u0142onek Komisji Bud\u017cetowej UMK.<\/pre>\n\n\n\n<hr class=\"wp-block-separator is-style-wide\"\/>\n\n\n\n<pre class=\"wp-block-preformatted\"><strong>2017-2018<\/strong>: <strong>Przewodnicz\u0105cy Samorz\u0105du Doktorant\u00f3w UMK<\/strong>.<\/pre>\n\n\n\n<hr class=\"wp-block-separator is-style-default\"\/>\n\n\n\n<pre class=\"wp-block-preformatted\"><strong>2018<\/strong>: Cz\u0142onek Komisji ds. Strategii UMK.<\/pre>\n\n\n\n<hr class=\"wp-block-separator is-style-wide\"\/>\n\n\n\n<pre class=\"wp-block-preformatted\"><strong>2018<\/strong>: Delegat Samorz\u0105du Doktorant\u00f3w UMK do Krajowej Reprezentacji Doktoranckiej.<\/pre>\n\n\n\n<hr class=\"wp-block-separator is-style-wide\"\/>\n\n\n\n<pre class=\"wp-block-preformatted\"><strong>2018-2019<\/strong>: Cz\u0142onek Komisji Kwaterunkowej UMK.<\/pre>\n\n\n\n<hr class=\"wp-block-separator is-style-wide\"\/>\n\n\n\n<pre class=\"wp-block-preformatted\"><strong>2017-2017<\/strong>: Cz\u0142onek Uczelnianej Rady Doktorant\u00f3w UMK.<\/pre>\n\n\n\n<hr class=\"wp-block-separator is-style-wide\"\/>\n\n\n\n<pre class=\"wp-block-preformatted\"><strong>2016-2020<\/strong>: Cz\u0142onek Odwo\u0142awczej Komisji Dyscyplinarnej dla Doktorant\u00f3w UMK.<\/pre>\n\n\n\n<hr class=\"wp-block-separator is-style-wide\"\/>\n\n\n\n<pre class=\"wp-block-preformatted\"><strong>2016-2020<\/strong>: Cz\u0142onek Zespo\u0142u Doradczego ds. Bezpiecze\u0144stwa Student\u00f3w i Doktorant\u00f3w UMK.<\/pre>\n\n\n\n<p><\/p>\n","protected":false},"excerpt":{"rendered":"<p>2018-2019: Przewodnicz\u0105cy Komisji Rewizyjnej Samorz\u0105du Doktorant\u00f3w UMK. 2018\u20132019: Cz\u0142onek Komisji ds. Organizacji i Rozwoju UMK. 2018\u20132019: Cz\u0142onek Komisji Bud\u017cetowej UMK. 2017-2018: Przewodnicz\u0105cy Samorz\u0105du Doktorant\u00f3w UMK. [&hellip;]<\/p>\n","protected":false},"author":1,"featured_media":0,"parent":90,"menu_order":2,"comment_status":"closed","ping_status":"closed","template":"","meta":{"footnotes":""},"class_list":["post-96","page","type-page","status-publish","hentry"],"wps_subtitle":"","jetpack_sharing_enabled":true,"_links":{"self":[{"href":"https:\/\/jameswozniak.pl\/index.php\/wp-json\/wp\/v2\/pages\/96","targetHints":{"allow":["GET"]}}],"collection":[{"href":"https:\/\/jameswozniak.pl\/index.php\/wp-json\/wp\/v2\/pages"}],"about":[{"href":"https:\/\/jameswozniak.pl\/index.php\/wp-json\/wp\/v2\/types\/page"}],"author":[{"embeddable":true,"href":"https:\/\/jameswozniak.pl\/index.php\/wp-json\/wp\/v2\/users\/1"}],"replies":[{"embeddable":true,"href":"https:\/\/jameswozniak.pl\/index.php\/wp-json\/wp\/v2\/comments?post=96"}],"version-history":[{"count":26,"href":"https:\/\/jameswozniak.pl\/index.php\/wp-json\/wp\/v2\/pages\/96\/revisions"}],"predecessor-version":[{"id":705,"href":"https:\/\/jameswozniak.pl\/index.php\/wp-json\/wp\/v2\/pages\/96\/revisions\/705"}],"up":[{"embeddable":true,"href":"https:\/\/jameswozniak.pl\/index.php\/wp-json\/wp\/v2\/pages\/90"}],"wp:attachment":[{"href":"https:\/\/jameswozniak.pl\/index.php\/wp-json\/wp\/v2\/media?parent=96"}],"curies":[{"name":"wp","href":"https:\/\/api.w.org\/{rel}","templated":true}]}}