{"id":862,"date":"2024-08-14T10:19:00","date_gmt":"2024-08-14T08:19:00","guid":{"rendered":"https:\/\/jameswozniak.pl\/?page_id=862"},"modified":"2024-08-14T12:20:56","modified_gmt":"2024-08-14T10:20:56","slug":"kraina-kujaw-fci","status":"publish","type":"page","link":"https:\/\/jameswozniak.pl\/index.php\/kraina-kujaw-fci\/","title":{"rendered":"Kraina Kujaw (FCI)"},"content":{"rendered":"\t\t<div data-elementor-type=\"wp-page\" data-elementor-id=\"862\" class=\"elementor elementor-862\">\n\t\t\t\t\t\t\t\t\t<section class=\"elementor-section elementor-top-section elementor-element elementor-element-669b01e elementor-section-boxed elementor-section-height-default elementor-section-height-default\" data-id=\"669b01e\" data-element_type=\"section\">\n\t\t\t\t\t\t<div class=\"elementor-container elementor-column-gap-default\">\n\t\t\t\t\t<div class=\"elementor-column elementor-col-100 elementor-top-column elementor-element elementor-element-3d92579\" data-id=\"3d92579\" data-element_type=\"column\">\n\t\t\t<div class=\"elementor-widget-wrap elementor-element-populated\">\n\t\t\t\t\t\t\t\t<div class=\"elementor-element elementor-element-14319b8 elementor-widget elementor-widget-image\" data-id=\"14319b8\" data-element_type=\"widget\" data-widget_type=\"image.default\">\n\t\t\t\t<div class=\"elementor-widget-container\">\n\t\t\t<style>\/*! elementor - v3.18.0 - 20-12-2023 *\/\n.elementor-widget-image{text-align:center}.elementor-widget-image a{display:inline-block}.elementor-widget-image a img[src$=\".svg\"]{width:48px}.elementor-widget-image img{vertical-align:middle;display:inline-block}<\/style>\t\t\t\t\t\t\t\t\t\t\t\t<img fetchpriority=\"high\" decoding=\"async\" width=\"300\" height=\"300\" src=\"https:\/\/jameswozniak.pl\/wp-content\/uploads\/2024\/08\/cropped-Kraina-Kujaw_logo-2-300x300.png\" class=\"attachment-medium size-medium wp-image-893\" alt=\"\" srcset=\"https:\/\/jameswozniak.pl\/wp-content\/uploads\/2024\/08\/cropped-Kraina-Kujaw_logo-2-300x300.png 300w, https:\/\/jameswozniak.pl\/wp-content\/uploads\/2024\/08\/cropped-Kraina-Kujaw_logo-2-150x150.png 150w, https:\/\/jameswozniak.pl\/wp-content\/uploads\/2024\/08\/cropped-Kraina-Kujaw_logo-2.png 512w\" sizes=\"(max-width: 300px) 100vw, 300px\" \/>\t\t\t\t\t\t\t\t\t\t\t\t\t\t\t<\/div>\n\t\t\t\t<\/div>\n\t\t\t\t\t<\/div>\n\t\t<\/div>\n\t\t\t\t\t\t\t<\/div>\n\t\t<\/section>\n\t\t\t\t<section class=\"elementor-section elementor-top-section elementor-element elementor-element-057b06b elementor-section-boxed elementor-section-height-default elementor-section-height-default\" data-id=\"057b06b\" data-element_type=\"section\">\n\t\t\t\t\t\t<div class=\"elementor-container elementor-column-gap-default\">\n\t\t\t\t\t<div class=\"elementor-column elementor-col-100 elementor-top-column elementor-element elementor-element-2e682b8\" data-id=\"2e682b8\" data-element_type=\"column\">\n\t\t\t<div class=\"elementor-widget-wrap elementor-element-populated\">\n\t\t\t\t\t\t\t\t<div class=\"elementor-element elementor-element-576a3de elementor-widget elementor-widget-text-editor\" data-id=\"576a3de\" data-element_type=\"widget\" data-widget_type=\"text-editor.default\">\n\t\t\t\t<div class=\"elementor-widget-container\">\n\t\t\t<style>\/*! elementor - v3.18.0 - 20-12-2023 *\/\n.elementor-widget-text-editor.elementor-drop-cap-view-stacked .elementor-drop-cap{background-color:#69727d;color:#fff}.elementor-widget-text-editor.elementor-drop-cap-view-framed .elementor-drop-cap{color:#69727d;border:3px solid;background-color:transparent}.elementor-widget-text-editor:not(.elementor-drop-cap-view-default) .elementor-drop-cap{margin-top:8px}.elementor-widget-text-editor:not(.elementor-drop-cap-view-default) .elementor-drop-cap-letter{width:1em;height:1em}.elementor-widget-text-editor .elementor-drop-cap{float:left;text-align:center;line-height:1;font-size:50px}.elementor-widget-text-editor .elementor-drop-cap-letter{display:inline-block}<\/style>\t\t\t\t<p style=\"text-align: left;\"><span style=\"caret-color: #000000; color: #000000; font-family: 'andale mono', monospace; font-size: 18.666666px;\">Domowa hodowla ps\u00f3w rasowych, zarejestrowana w 2021 roku w Zwi\u0105zku Kynologicznym w Polsce, oddzia\u0142 Inowroc\u0142aw.<\/span><\/p><p><span style=\"color: #000000; font-family: 'andale mono', monospace; font-size: 14pt; text-align: justify;\">Hodowla znajduje si\u0119 na terenie historycznej krainy i regionie etnograficznym Kujaw, w \u015brodkowej Polsce, na Pojezierzu Wielkopolskim, w dorzeczu \u015brodkowej Wis\u0142y i g\u00f3rnej Noteci.<\/span><\/p><p><span style=\"caret-color: #000000; color: #000000; font-family: 'andale mono', monospace; font-size: 18.666666px; text-align: justify;\">Hodowl\u0119 zacz\u0119li\u015bmy od zakupu w pa\u017adzierniku 2020 roku OMMI oraz w marcu 2021 roku ELTONA.\u00a0Numer rejestracji: ZKwP 5456\/K; FCI 1459\/2021.<\/span><\/p>\t\t\t\t\t\t<\/div>\n\t\t\t\t<\/div>\n\t\t\t\t\t<\/div>\n\t\t<\/div>\n\t\t\t\t\t\t\t<\/div>\n\t\t<\/section>\n\t\t\t\t<section class=\"elementor-section elementor-top-section elementor-element elementor-element-d4511ee elementor-section-boxed elementor-section-height-default elementor-section-height-default\" data-id=\"d4511ee\" data-element_type=\"section\">\n\t\t\t\t\t\t<div class=\"elementor-container elementor-column-gap-default\">\n\t\t\t\t\t<div class=\"elementor-column elementor-col-33 elementor-top-column elementor-element elementor-element-5c2b77b\" data-id=\"5c2b77b\" data-element_type=\"column\">\n\t\t\t<div class=\"elementor-widget-wrap elementor-element-populated\">\n\t\t\t\t\t\t\t\t<div class=\"elementor-element elementor-element-7afb646 elementor-widget elementor-widget-image\" data-id=\"7afb646\" data-element_type=\"widget\" data-widget_type=\"image.default\">\n\t\t\t\t<div class=\"elementor-widget-container\">\n\t\t\t\t\t\t\t\t\t\t\t\t\t\t\t<img decoding=\"async\" width=\"640\" height=\"853\" src=\"https:\/\/jameswozniak.pl\/wp-content\/uploads\/2024\/08\/20201221_143250_01-scaled-2-768x1024.jpg\" class=\"attachment-large size-large wp-image-873\" alt=\"\" srcset=\"https:\/\/jameswozniak.pl\/wp-content\/uploads\/2024\/08\/20201221_143250_01-scaled-2-768x1024.jpg 768w, https:\/\/jameswozniak.pl\/wp-content\/uploads\/2024\/08\/20201221_143250_01-scaled-2-225x300.jpg 225w, https:\/\/jameswozniak.pl\/wp-content\/uploads\/2024\/08\/20201221_143250_01-scaled-2-1152x1536.jpg 1152w, https:\/\/jameswozniak.pl\/wp-content\/uploads\/2024\/08\/20201221_143250_01-scaled-2-1536x2048.jpg 1536w, https:\/\/jameswozniak.pl\/wp-content\/uploads\/2024\/08\/20201221_143250_01-scaled-2.jpg 1920w\" sizes=\"(max-width: 640px) 100vw, 640px\" \/>\t\t\t\t\t\t\t\t\t\t\t\t\t\t\t<\/div>\n\t\t\t\t<\/div>\n\t\t\t\t\t<\/div>\n\t\t<\/div>\n\t\t\t\t<div class=\"elementor-column elementor-col-33 elementor-top-column elementor-element elementor-element-475f7b9\" data-id=\"475f7b9\" data-element_type=\"column\">\n\t\t\t<div class=\"elementor-widget-wrap elementor-element-populated\">\n\t\t\t\t\t\t\t\t<div class=\"elementor-element elementor-element-fb11f9d elementor-widget elementor-widget-image\" data-id=\"fb11f9d\" data-element_type=\"widget\" data-widget_type=\"image.default\">\n\t\t\t\t<div class=\"elementor-widget-container\">\n\t\t\t\t\t\t\t\t\t\t\t\t\t\t\t<img decoding=\"async\" width=\"640\" height=\"853\" src=\"https:\/\/jameswozniak.pl\/wp-content\/uploads\/2024\/08\/20210722_134037-scaled-1-768x1024.jpg\" class=\"attachment-large size-large wp-image-877\" alt=\"\" srcset=\"https:\/\/jameswozniak.pl\/wp-content\/uploads\/2024\/08\/20210722_134037-scaled-1-768x1024.jpg 768w, https:\/\/jameswozniak.pl\/wp-content\/uploads\/2024\/08\/20210722_134037-scaled-1-225x300.jpg 225w, https:\/\/jameswozniak.pl\/wp-content\/uploads\/2024\/08\/20210722_134037-scaled-1-1152x1536.jpg 1152w, https:\/\/jameswozniak.pl\/wp-content\/uploads\/2024\/08\/20210722_134037-scaled-1-1536x2048.jpg 1536w, https:\/\/jameswozniak.pl\/wp-content\/uploads\/2024\/08\/20210722_134037-scaled-1.jpg 1920w\" sizes=\"(max-width: 640px) 100vw, 640px\" \/>\t\t\t\t\t\t\t\t\t\t\t\t\t\t\t<\/div>\n\t\t\t\t<\/div>\n\t\t\t\t\t<\/div>\n\t\t<\/div>\n\t\t\t\t<div class=\"elementor-column elementor-col-33 elementor-top-column elementor-element elementor-element-302aa05\" data-id=\"302aa05\" data-element_type=\"column\">\n\t\t\t<div class=\"elementor-widget-wrap elementor-element-populated\">\n\t\t\t\t\t\t\t\t<div class=\"elementor-element elementor-element-d579113 elementor-widget elementor-widget-image\" data-id=\"d579113\" data-element_type=\"widget\" data-widget_type=\"image.default\">\n\t\t\t\t<div class=\"elementor-widget-container\">\n\t\t\t\t\t\t\t\t\t\t\t\t\t\t\t<img loading=\"lazy\" decoding=\"async\" width=\"640\" height=\"853\" src=\"https:\/\/jameswozniak.pl\/wp-content\/uploads\/2024\/08\/IMG_1564-768x1024.jpeg\" class=\"attachment-large size-large wp-image-882\" alt=\"\" srcset=\"https:\/\/jameswozniak.pl\/wp-content\/uploads\/2024\/08\/IMG_1564-768x1024.jpeg 768w, https:\/\/jameswozniak.pl\/wp-content\/uploads\/2024\/08\/IMG_1564-225x300.jpeg 225w, https:\/\/jameswozniak.pl\/wp-content\/uploads\/2024\/08\/IMG_1564-1152x1536.jpeg 1152w, https:\/\/jameswozniak.pl\/wp-content\/uploads\/2024\/08\/IMG_1564-1536x2048.jpeg 1536w, https:\/\/jameswozniak.pl\/wp-content\/uploads\/2024\/08\/IMG_1564-scaled.jpeg 1920w\" sizes=\"(max-width: 640px) 100vw, 640px\" \/>\t\t\t\t\t\t\t\t\t\t\t\t\t\t\t<\/div>\n\t\t\t\t<\/div>\n\t\t\t\t\t<\/div>\n\t\t<\/div>\n\t\t\t\t\t\t\t<\/div>\n\t\t<\/section>\n\t\t\t\t<section class=\"elementor-section elementor-top-section elementor-element elementor-element-5df54fd elementor-section-boxed elementor-section-height-default elementor-section-height-default\" data-id=\"5df54fd\" data-element_type=\"section\">\n\t\t\t\t\t\t<div class=\"elementor-container elementor-column-gap-default\">\n\t\t\t\t\t<div class=\"elementor-column elementor-col-50 elementor-top-column elementor-element elementor-element-3ef7eeb\" data-id=\"3ef7eeb\" data-element_type=\"column\">\n\t\t\t<div class=\"elementor-widget-wrap elementor-element-populated\">\n\t\t\t\t\t\t\t\t<div class=\"elementor-element elementor-element-d309a85 elementor-widget elementor-widget-image\" data-id=\"d309a85\" data-element_type=\"widget\" data-widget_type=\"image.default\">\n\t\t\t\t<div class=\"elementor-widget-container\">\n\t\t\t\t\t\t\t\t\t\t\t\t\t\t\t<img loading=\"lazy\" decoding=\"async\" width=\"225\" height=\"300\" src=\"https:\/\/jameswozniak.pl\/wp-content\/uploads\/2024\/08\/IMG_1412-225x300.jpeg\" class=\"attachment-medium size-medium wp-image-886\" alt=\"\" srcset=\"https:\/\/jameswozniak.pl\/wp-content\/uploads\/2024\/08\/IMG_1412-225x300.jpeg 225w, https:\/\/jameswozniak.pl\/wp-content\/uploads\/2024\/08\/IMG_1412-768x1024.jpeg 768w, https:\/\/jameswozniak.pl\/wp-content\/uploads\/2024\/08\/IMG_1412-1152x1536.jpeg 1152w, https:\/\/jameswozniak.pl\/wp-content\/uploads\/2024\/08\/IMG_1412-1536x2048.jpeg 1536w, https:\/\/jameswozniak.pl\/wp-content\/uploads\/2024\/08\/IMG_1412-scaled.jpeg 1920w\" sizes=\"(max-width: 225px) 100vw, 225px\" \/>\t\t\t\t\t\t\t\t\t\t\t\t\t\t\t<\/div>\n\t\t\t\t<\/div>\n\t\t\t\t\t<\/div>\n\t\t<\/div>\n\t\t\t\t<div class=\"elementor-column elementor-col-50 elementor-top-column elementor-element elementor-element-91956db\" data-id=\"91956db\" data-element_type=\"column\">\n\t\t\t<div class=\"elementor-widget-wrap elementor-element-populated\">\n\t\t\t\t\t\t\t\t<div class=\"elementor-element elementor-element-337fc88 elementor-widget elementor-widget-image\" data-id=\"337fc88\" data-element_type=\"widget\" data-widget_type=\"image.default\">\n\t\t\t\t<div class=\"elementor-widget-container\">\n\t\t\t\t\t\t\t\t\t\t\t\t\t\t\t<img loading=\"lazy\" decoding=\"async\" width=\"300\" height=\"169\" src=\"https:\/\/jameswozniak.pl\/wp-content\/uploads\/2024\/08\/IMG_1567-300x169.jpeg\" class=\"attachment-medium size-medium wp-image-1127\" alt=\"\" srcset=\"https:\/\/jameswozniak.pl\/wp-content\/uploads\/2024\/08\/IMG_1567-300x169.jpeg 300w, https:\/\/jameswozniak.pl\/wp-content\/uploads\/2024\/08\/IMG_1567-1024x576.jpeg 1024w, https:\/\/jameswozniak.pl\/wp-content\/uploads\/2024\/08\/IMG_1567-768x432.jpeg 768w, https:\/\/jameswozniak.pl\/wp-content\/uploads\/2024\/08\/IMG_1567-1536x864.jpeg 1536w, https:\/\/jameswozniak.pl\/wp-content\/uploads\/2024\/08\/IMG_1567-2048x1151.jpeg 2048w\" sizes=\"(max-width: 300px) 100vw, 300px\" \/>\t\t\t\t\t\t\t\t\t\t\t\t\t\t\t<\/div>\n\t\t\t\t<\/div>\n\t\t\t\t\t<\/div>\n\t\t<\/div>\n\t\t\t\t\t\t\t<\/div>\n\t\t<\/section>\n\t\t\t\t\t\t\t<\/div>\n\t\t","protected":false},"excerpt":{"rendered":"<p>Domowa hodowla ps\u00f3w rasowych, zarejestrowana w 2021 roku w Zwi\u0105zku Kynologicznym w Polsce, oddzia\u0142 Inowroc\u0142aw. Hodowla znajduje si\u0119 na terenie historycznej krainy i regionie etnograficznym [&hellip;]<\/p>\n","protected":false},"author":1,"featured_media":0,"parent":0,"menu_order":0,"comment_status":"closed","ping_status":"closed","template":"","meta":{"footnotes":""},"class_list":["post-862","page","type-page","status-publish","hentry"],"wps_subtitle":"","jetpack_sharing_enabled":true,"_links":{"self":[{"href":"https:\/\/jameswozniak.pl\/index.php\/wp-json\/wp\/v2\/pages\/862","targetHints":{"allow":["GET"]}}],"collection":[{"href":"https:\/\/jameswozniak.pl\/index.php\/wp-json\/wp\/v2\/pages"}],"about":[{"href":"https:\/\/jameswozniak.pl\/index.php\/wp-json\/wp\/v2\/types\/page"}],"author":[{"embeddable":true,"href":"https:\/\/jameswozniak.pl\/index.php\/wp-json\/wp\/v2\/users\/1"}],"replies":[{"embeddable":true,"href":"https:\/\/jameswozniak.pl\/index.php\/wp-json\/wp\/v2\/comments?post=862"}],"version-history":[{"count":34,"href":"https:\/\/jameswozniak.pl\/index.php\/wp-json\/wp\/v2\/pages\/862\/revisions"}],"predecessor-version":[{"id":1130,"href":"https:\/\/jameswozniak.pl\/index.php\/wp-json\/wp\/v2\/pages\/862\/revisions\/1130"}],"wp:attachment":[{"href":"https:\/\/jameswozniak.pl\/index.php\/wp-json\/wp\/v2\/media?parent=862"}],"curies":[{"name":"wp","href":"https:\/\/api.w.org\/{rel}","templated":true}]}}