{"id":608,"date":"2021-12-19T21:39:47","date_gmt":"2021-12-19T20:39:47","guid":{"rendered":"https:\/\/jameswozniak.pl\/?page_id=608"},"modified":"2023-01-18T17:37:26","modified_gmt":"2023-01-18T16:37:26","slug":"redakcja","status":"publish","type":"page","link":"https:\/\/jameswozniak.pl\/index.php\/publikacje\/redakcja\/","title":{"rendered":"Redakcja"},"content":{"rendered":"\n<figure class=\"wp-block-image size-medium\"><img fetchpriority=\"high\" decoding=\"async\" width=\"209\" height=\"300\" src=\"https:\/\/jameswozniak.pl\/wp-content\/uploads\/2023\/01\/Screenshot_20230118_155939_Samsung-Notes-209x300.jpg\" alt=\"\" class=\"wp-image-781\" srcset=\"https:\/\/jameswozniak.pl\/wp-content\/uploads\/2023\/01\/Screenshot_20230118_155939_Samsung-Notes-209x300.jpg 209w, https:\/\/jameswozniak.pl\/wp-content\/uploads\/2023\/01\/Screenshot_20230118_155939_Samsung-Notes-714x1024.jpg 714w, https:\/\/jameswozniak.pl\/wp-content\/uploads\/2023\/01\/Screenshot_20230118_155939_Samsung-Notes-768x1102.jpg 768w, https:\/\/jameswozniak.pl\/wp-content\/uploads\/2023\/01\/Screenshot_20230118_155939_Samsung-Notes-1071x1536.jpg 1071w, https:\/\/jameswozniak.pl\/wp-content\/uploads\/2023\/01\/Screenshot_20230118_155939_Samsung-Notes.jpg 1079w\" sizes=\"(max-width: 209px) 100vw, 209px\" \/><figcaption class=\"wp-element-caption\">W. Cichosz, J. Szulist, J. J. Wo\u017aniak (red.), <em>Wiara a ideologia. Joseph Ratzinger-Benedykt XVI wobec wyzwa\u0144 wsp\u00f3\u0142czesno\u015bci<\/em>, Pelplin 2022.<\/figcaption><\/figure>\n\n\n\n<hr class=\"wp-block-separator has-css-opacity\"\/>\n\n\n\n<figure class=\"wp-block-image size-medium is-resized is-style-default\"><img decoding=\"async\" src=\"https:\/\/jameswozniak.pl\/wp-content\/uploads\/2021\/12\/2018_Benedykt_XVI_i_liturgia-716x1024-1-210x300.jpeg\" alt=\"\" class=\"wp-image-611\" width=\"210\" height=\"300\" srcset=\"https:\/\/jameswozniak.pl\/wp-content\/uploads\/2021\/12\/2018_Benedykt_XVI_i_liturgia-716x1024-1-210x300.jpeg 210w, https:\/\/jameswozniak.pl\/wp-content\/uploads\/2021\/12\/2018_Benedykt_XVI_i_liturgia-716x1024-1.jpeg 716w\" sizes=\"(max-width: 210px) 100vw, 210px\" \/><figcaption class=\"wp-element-caption\">D. Brzezi\u0144ski, M. Miko\u0142ajczak, J. Wo\u017aniak (red.), <em>Benedykt XVI i liturgia<\/em>, P\u0142ock 2018.<\/figcaption><\/figure>\n","protected":false},"excerpt":{"rendered":"","protected":false},"author":1,"featured_media":0,"parent":102,"menu_order":2,"comment_status":"closed","ping_status":"closed","template":"","meta":{"footnotes":""},"class_list":["post-608","page","type-page","status-publish","hentry"],"wps_subtitle":"","jetpack_sharing_enabled":true,"_links":{"self":[{"href":"https:\/\/jameswozniak.pl\/index.php\/wp-json\/wp\/v2\/pages\/608","targetHints":{"allow":["GET"]}}],"collection":[{"href":"https:\/\/jameswozniak.pl\/index.php\/wp-json\/wp\/v2\/pages"}],"about":[{"href":"https:\/\/jameswozniak.pl\/index.php\/wp-json\/wp\/v2\/types\/page"}],"author":[{"embeddable":true,"href":"https:\/\/jameswozniak.pl\/index.php\/wp-json\/wp\/v2\/users\/1"}],"replies":[{"embeddable":true,"href":"https:\/\/jameswozniak.pl\/index.php\/wp-json\/wp\/v2\/comments?post=608"}],"version-history":[{"count":12,"href":"https:\/\/jameswozniak.pl\/index.php\/wp-json\/wp\/v2\/pages\/608\/revisions"}],"predecessor-version":[{"id":783,"href":"https:\/\/jameswozniak.pl\/index.php\/wp-json\/wp\/v2\/pages\/608\/revisions\/783"}],"up":[{"embeddable":true,"href":"https:\/\/jameswozniak.pl\/index.php\/wp-json\/wp\/v2\/pages\/102"}],"wp:attachment":[{"href":"https:\/\/jameswozniak.pl\/index.php\/wp-json\/wp\/v2\/media?parent=608"}],"curies":[{"name":"wp","href":"https:\/\/api.w.org\/{rel}","templated":true}]}}