{"id":490,"date":"2021-10-11T10:19:05","date_gmt":"2021-10-11T08:19:05","guid":{"rendered":"https:\/\/jameswozniak.pl\/?page_id=490"},"modified":"2021-12-07T20:29:13","modified_gmt":"2021-12-07T19:29:13","slug":"kolo-naukowe","status":"publish","type":"page","link":"https:\/\/jameswozniak.pl\/index.php\/o-mnie\/funkcje\/kolo-naukowe\/","title":{"rendered":"Ko\u0142o naukowe"},"content":{"rendered":"\n<div class=\"wp-block-image is-style-default\"><figure class=\"aligncenter size-medium is-resized\"><img decoding=\"async\" src=\"https:\/\/jameswozniak.pl\/wp-content\/uploads\/2021\/10\/logo-czarne-bez-tla-300x226.png\" alt=\"\" class=\"wp-image-497\" width=\"196\" height=\"148\" srcset=\"https:\/\/jameswozniak.pl\/wp-content\/uploads\/2021\/10\/logo-czarne-bez-tla-300x226.png 300w, https:\/\/jameswozniak.pl\/wp-content\/uploads\/2021\/10\/logo-czarne-bez-tla-398x300.png 398w, https:\/\/jameswozniak.pl\/wp-content\/uploads\/2021\/10\/logo-czarne-bez-tla.png 685w\" sizes=\"(max-width: 196px) 100vw, 196px\" \/><\/figure><\/div>\n\n\n\n<hr class=\"wp-block-separator is-style-wide\"\/>\n\n\n\n<pre id=\"block-a574d3a4-1995-4bb2-b25a-009c18711c6a\" class=\"wp-block-preformatted\"><strong>2015\u20132022<\/strong>: <strong>Prezes Ko\u0142a Naukowego \u201eCooperatores Veritatis\u201d im. Benedykta XVI<\/strong>.<\/pre>\n\n\n\n<hr class=\"wp-block-separator is-style-wide\"\/>\n\n\n\n<pre id=\"block-c8f75a54-5200-45f6-ac21-f7521b8bab19\" class=\"wp-block-preformatted\"><strong>2015<\/strong>: Za\u0142o\u017cyciel Ko\u0142a Naukowego \u201eCooperatores Veritatis\u201d im. Benedykta XVI.<\/pre>\n","protected":false},"excerpt":{"rendered":"<p>2015\u20132022: Prezes Ko\u0142a Naukowego \u201eCooperatores Veritatis\u201d im. Benedykta XVI. 2015: Za\u0142o\u017cyciel Ko\u0142a Naukowego \u201eCooperatores Veritatis\u201d im. Benedykta XVI.<\/p>\n","protected":false},"author":1,"featured_media":0,"parent":90,"menu_order":4,"comment_status":"closed","ping_status":"closed","template":"","meta":{"footnotes":""},"class_list":["post-490","page","type-page","status-publish","hentry"],"wps_subtitle":"","jetpack_sharing_enabled":true,"_links":{"self":[{"href":"https:\/\/jameswozniak.pl\/index.php\/wp-json\/wp\/v2\/pages\/490","targetHints":{"allow":["GET"]}}],"collection":[{"href":"https:\/\/jameswozniak.pl\/index.php\/wp-json\/wp\/v2\/pages"}],"about":[{"href":"https:\/\/jameswozniak.pl\/index.php\/wp-json\/wp\/v2\/types\/page"}],"author":[{"embeddable":true,"href":"https:\/\/jameswozniak.pl\/index.php\/wp-json\/wp\/v2\/users\/1"}],"replies":[{"embeddable":true,"href":"https:\/\/jameswozniak.pl\/index.php\/wp-json\/wp\/v2\/comments?post=490"}],"version-history":[{"count":5,"href":"https:\/\/jameswozniak.pl\/index.php\/wp-json\/wp\/v2\/pages\/490\/revisions"}],"predecessor-version":[{"id":607,"href":"https:\/\/jameswozniak.pl\/index.php\/wp-json\/wp\/v2\/pages\/490\/revisions\/607"}],"up":[{"embeddable":true,"href":"https:\/\/jameswozniak.pl\/index.php\/wp-json\/wp\/v2\/pages\/90"}],"wp:attachment":[{"href":"https:\/\/jameswozniak.pl\/index.php\/wp-json\/wp\/v2\/media?parent=490"}],"curies":[{"name":"wp","href":"https:\/\/api.w.org\/{rel}","templated":true}]}}