{"id":117,"date":"2021-08-31T18:32:16","date_gmt":"2021-08-31T16:32:16","guid":{"rendered":"https:\/\/jameswozniak.pl\/?page_id=117"},"modified":"2022-01-29T09:12:18","modified_gmt":"2022-01-29T08:12:18","slug":"sekretarz","status":"publish","type":"page","link":"https:\/\/jameswozniak.pl\/index.php\/konferencje\/sekretarz\/","title":{"rendered":"Sekretarz"},"content":{"rendered":"\n<hr class=\"wp-block-separator is-style-wide\"\/>\n\n\n\n<p>5. Sekretarz Mi\u0119dzynarodowej Konferencji Naukowej  <em>Contemporary Ideologies and Christianity in the Thought of Joseph Ratzinger-Benedict XVI<\/em> (25\/11\/2021).<\/p>\n\n\n\n<hr class=\"wp-block-separator is-style-wide\"\/>\n\n\n\n<p>4. Sekretarz Mi\u0119dzynarodowej Konferencji Naukowej <em>\u015aredniowieczne \u017ar\u00f3d\u0142a liturgiczne<\/em> (9\/5\/2018).<\/p>\n\n\n\n<hr class=\"wp-block-separator is-style-wide\"\/>\n\n\n\n<p>3. Sekretarz Mi\u0119dzynarodowej Konferencji Naukowej <em>In search of the truth. From Nicolaus Copernicus to Benedikt XVI<\/em> (17\/4\/2018).<\/p>\n\n\n\n<hr class=\"wp-block-separator is-style-wide\"\/>\n\n\n\n<p>2. Sekretarz Og\u00f3lnopolskiego Sympozjum Naukowego <em>Benedykt XVI i liturgia<\/em> (20\/4\/2017).<\/p>\n\n\n\n<hr class=\"wp-block-separator is-style-wide\"\/>\n\n\n\n<p>1. Sekretarz Og\u00f3lnopolskiej Konferencji Naukowej <em>Etos opiekuna osoby starszej<\/em> (1\/12\/2016).<\/p>\n","protected":false},"excerpt":{"rendered":"<p>5. Sekretarz Mi\u0119dzynarodowej Konferencji Naukowej Contemporary Ideologies and Christianity in the Thought of Joseph Ratzinger-Benedict XVI (25\/11\/2021). 4. Sekretarz Mi\u0119dzynarodowej Konferencji Naukowej \u015aredniowieczne \u017ar\u00f3d\u0142a liturgiczne [&hellip;]<\/p>\n","protected":false},"author":1,"featured_media":0,"parent":111,"menu_order":2,"comment_status":"closed","ping_status":"closed","template":"","meta":{"footnotes":""},"class_list":["post-117","page","type-page","status-publish","hentry"],"wps_subtitle":"","jetpack_sharing_enabled":true,"_links":{"self":[{"href":"https:\/\/jameswozniak.pl\/index.php\/wp-json\/wp\/v2\/pages\/117","targetHints":{"allow":["GET"]}}],"collection":[{"href":"https:\/\/jameswozniak.pl\/index.php\/wp-json\/wp\/v2\/pages"}],"about":[{"href":"https:\/\/jameswozniak.pl\/index.php\/wp-json\/wp\/v2\/types\/page"}],"author":[{"embeddable":true,"href":"https:\/\/jameswozniak.pl\/index.php\/wp-json\/wp\/v2\/users\/1"}],"replies":[{"embeddable":true,"href":"https:\/\/jameswozniak.pl\/index.php\/wp-json\/wp\/v2\/comments?post=117"}],"version-history":[{"count":9,"href":"https:\/\/jameswozniak.pl\/index.php\/wp-json\/wp\/v2\/pages\/117\/revisions"}],"predecessor-version":[{"id":664,"href":"https:\/\/jameswozniak.pl\/index.php\/wp-json\/wp\/v2\/pages\/117\/revisions\/664"}],"up":[{"embeddable":true,"href":"https:\/\/jameswozniak.pl\/index.php\/wp-json\/wp\/v2\/pages\/111"}],"wp:attachment":[{"href":"https:\/\/jameswozniak.pl\/index.php\/wp-json\/wp\/v2\/media?parent=117"}],"curies":[{"name":"wp","href":"https:\/\/api.w.org\/{rel}","templated":true}]}}