{"id":108,"date":"2021-08-31T18:30:30","date_gmt":"2021-08-31T16:30:30","guid":{"rendered":"https:\/\/jameswozniak.pl\/?page_id=108"},"modified":"2026-01-04T13:27:00","modified_gmt":"2026-01-04T12:27:00","slug":"sprawozdania","status":"publish","type":"page","link":"https:\/\/jameswozniak.pl\/index.php\/publikacje\/sprawozdania\/","title":{"rendered":"Sprawozdania"},"content":{"rendered":"\n<hr class=\"wp-block-separator has-css-opacity is-style-wide\"\/>\n\n\n\n<div class=\"wp-block-file\"><a id=\"wp-block-file--media-2f0e1f91-ccfe-4d1c-a9ec-925eb19f3ea9\" href=\"https:\/\/jameswozniak.pl\/wp-content\/uploads\/2021\/09\/Liturgia-Sacra-Sprawozdania-Debata-w-Toruniu_s_291_295_i_287.pdf\" target=\"_blank\" rel=\"noreferrer noopener\">4. <em>Sprawozdanie<\/em> <em>z Mi\u0119dzynarodowej Konferencji Naukowej \u201e\u015aredniowieczne \u017ar\u00f3d\u0142a liturgiczne\u201d<\/em><\/a><\/div>\n\n\n\n<pre><span style=\"font-size: 10pt;\">\"Liturgia Sacra\" 51(2018) nr 1, s. 291-295.<\/span><\/pre>\n\n\n\n<hr class=\"wp-block-separator has-css-opacity is-style-wide\"\/>\n\n\n\n<div class=\"wp-block-file\"><a id=\"wp-block-file--media-859596bc-ab76-4ee5-8272-31ee7c43abfe\" href=\"https:\/\/jameswozniak.pl\/wp-content\/uploads\/2021\/09\/16600-39827-1-SM-2.pdf\" target=\"_blank\" rel=\"noreferrer noopener\">3. \u201eEucharystia \u2013 Tajemnica celebrowana\u201d. Sprawozdanie z 53. Sympozjum Wyk\u0142adowc\u2002w Liturgiki<\/a><\/div>\n\n\n<pre><span style=\"font-size: 10pt;\">\"Teologia i Cz\u0142owiek\" 40(2017) nr 4, s. 281-289.<\/span><\/pre>\n\n\n<hr class=\"wp-block-separator has-css-opacity is-style-wide\"\/>\n\n\n\n<div class=\"wp-block-file\"><a id=\"wp-block-file--media-c45d4c2c-b168-43f3-9ff0-19bb4ad15b6b\" href=\"https:\/\/jameswozniak.pl\/wp-content\/uploads\/2021\/09\/14145-33565-2-PB.pdf\" target=\"_blank\" rel=\"noreferrer noopener\">2. Og\u00f3lnopolskie Sympozjum Naukowe \u201eBenedykt XVI i liturgia\u201d<\/a><\/div>\n\n\n\n<pre><span style=\"font-size: 10pt;\">\"Teologia i Cz\u0142owieka\" 37(2017) nr 1, s. 191-195.<\/span><\/pre>\n\n\n\n<hr class=\"wp-block-separator has-css-opacity is-style-wide\"\/>\n\n\n\n<div class=\"wp-block-file\"><a id=\"wp-block-file--media-151645b6-6e97-42f1-b16b-c50e8cbe08d9\" href=\"https:\/\/jameswozniak.pl\/wp-content\/uploads\/2021\/09\/11104-27150-1-SM.pdf\" target=\"_blank\" rel=\"noreferrer noopener\">1. Sprawozdanie z konferencji naukowej \u201eArs elegantiae \u2013 Toru\u0144ska Akademia Dyplomacji b\u0142. P. G. Frassatiego\u201d, Toru\u0144, 1\u20132\/3\/2016 r.<\/a><\/div>\n\n\n<pre><span style=\"font-size: 10pt;\">\"Teologia i Cz\u0142owiek\" 33(2016) nr 1, s. 173-180.<\/span><\/pre>\n\n\n<p><\/p>\n","protected":false},"excerpt":{"rendered":"<p>&#8222;Liturgia Sacra&#8221; 51(2018) nr 1, s. 291-295. &#8222;Teologia i Cz\u0142owiek&#8221; 40(2017) nr 4, s. 281-289. &#8222;Teologia i Cz\u0142owieka&#8221; 37(2017) nr 1, s. 191-195. &#8222;Teologia i [&hellip;]<\/p>\n","protected":false},"author":1,"featured_media":0,"parent":102,"menu_order":3,"comment_status":"closed","ping_status":"closed","template":"","meta":{"footnotes":""},"class_list":["post-108","page","type-page","status-publish","hentry"],"wps_subtitle":"","jetpack_sharing_enabled":true,"_links":{"self":[{"href":"https:\/\/jameswozniak.pl\/index.php\/wp-json\/wp\/v2\/pages\/108","targetHints":{"allow":["GET"]}}],"collection":[{"href":"https:\/\/jameswozniak.pl\/index.php\/wp-json\/wp\/v2\/pages"}],"about":[{"href":"https:\/\/jameswozniak.pl\/index.php\/wp-json\/wp\/v2\/types\/page"}],"author":[{"embeddable":true,"href":"https:\/\/jameswozniak.pl\/index.php\/wp-json\/wp\/v2\/users\/1"}],"replies":[{"embeddable":true,"href":"https:\/\/jameswozniak.pl\/index.php\/wp-json\/wp\/v2\/comments?post=108"}],"version-history":[{"count":16,"href":"https:\/\/jameswozniak.pl\/index.php\/wp-json\/wp\/v2\/pages\/108\/revisions"}],"predecessor-version":[{"id":1191,"href":"https:\/\/jameswozniak.pl\/index.php\/wp-json\/wp\/v2\/pages\/108\/revisions\/1191"}],"up":[{"embeddable":true,"href":"https:\/\/jameswozniak.pl\/index.php\/wp-json\/wp\/v2\/pages\/102"}],"wp:attachment":[{"href":"https:\/\/jameswozniak.pl\/index.php\/wp-json\/wp\/v2\/media?parent=108"}],"curies":[{"name":"wp","href":"https:\/\/api.w.org\/{rel}","templated":true}]}}